{"id":1365,"date":"2024-06-18T18:24:19","date_gmt":"2024-06-18T16:24:19","guid":{"rendered":"https:\/\/heatingpartner.rs\/?page_id=1365"},"modified":"2024-07-17T21:52:26","modified_gmt":"2024-07-17T19:52:26","slug":"politika-privatnosti","status":"publish","type":"page","link":"https:\/\/heatingpartner.rs\/en\/politika-privatnosti\/","title":{"rendered":"Privacy Policy"},"content":{"rendered":"<div data-elementor-type=\"wp-page\" data-elementor-id=\"1365\" class=\"elementor elementor-1365\" data-elementor-post-type=\"page\">\n\t\t\t\t<div class=\"elementor-element elementor-element-107819d e-flex e-con-boxed e-con e-parent\" data-id=\"107819d\" data-element_type=\"container\" data-settings=\"{&quot;background_background&quot;:&quot;classic&quot;}\">\n\t\t\t\t\t<div class=\"e-con-inner\">\n\t\t\t\t<div class=\"elementor-element elementor-element-1c00b10 elementor-widget elementor-widget-spacer\" data-id=\"1c00b10\" data-element_type=\"widget\" data-widget_type=\"spacer.default\">\n\t\t\t\t<div class=\"elementor-widget-container\">\n\t\t\t\t\t\t\t<div class=\"elementor-spacer\">\n\t\t\t<div class=\"elementor-spacer-inner\"><\/div>\n\t\t<\/div>\n\t\t\t\t\t\t<\/div>\n\t\t\t\t<\/div>\n\t\t\t\t<div class=\"elementor-element elementor-element-5b7068a elementor-widget elementor-widget-heading\" data-id=\"5b7068a\" data-element_type=\"widget\" data-widget_type=\"heading.default\">\n\t\t\t\t<div class=\"elementor-widget-container\">\n\t\t\t\t\t<h1 class=\"elementor-heading-title elementor-size-default\">Privacy Policy<\/h1>\t\t\t\t<\/div>\n\t\t\t\t<\/div>\n\t\t\t\t\t<\/div>\n\t\t\t\t<\/div>\n\t\t<div class=\"elementor-element elementor-element-4805615d e-flex e-con-boxed e-con e-parent\" data-id=\"4805615d\" data-element_type=\"container\">\n\t\t\t\t\t<div class=\"e-con-inner\">\n\t\t\t\t<div class=\"elementor-element elementor-element-f0b57ed elementor-widget elementor-widget-spacer\" data-id=\"f0b57ed\" data-element_type=\"widget\" data-widget_type=\"spacer.default\">\n\t\t\t\t<div class=\"elementor-widget-container\">\n\t\t\t\t\t\t\t<div class=\"elementor-spacer\">\n\t\t\t<div class=\"elementor-spacer-inner\"><\/div>\n\t\t<\/div>\n\t\t\t\t\t\t<\/div>\n\t\t\t\t<\/div>\n\t\t\t\t<div class=\"elementor-element elementor-element-7b65e4cf elementor-widget elementor-widget-text-editor\" data-id=\"7b65e4cf\" data-element_type=\"widget\" data-widget_type=\"text-editor.default\">\n\t\t\t\t<div class=\"elementor-widget-container\">\n\t\t\t\t\t\t\t\t\t<h2>1. Uvod<\/h2>\nVa\u0161a privatnost i za\u0161tita va\u0161ih li\u010dnih podataka su nam veoma va\u017eni. Ova politika privatnosti obja\u0161njava koje informacije prikupljamo od vas, kako ih koristimo i kako ih \u0161titimo. Kori\u0161\u0107enjem na\u0161eg sajta prihvatate pravila opisana u ovoj politici.\n<h2>2. Prikupljanje i kori\u0161\u0107enje li\u010dnih podataka<\/h2>\nKada posetite na\u0161 sajt, mo\u017eemo automatski prikupiti odre\u0111ene informacije o va\u0161em ure\u0111aju, uklju\u010duju\u0107i informacije o va\u0161em web pregleda\u010du, IP adresi, vremenskoj zoni, i nekim od kola\u010di\u0107a koji su instalirani na va\u0161em ure\u0111aju. Pored toga, dok pregledate na\u0161 sajt, prikupljamo informacije o pojedinim web stranicama ili proizvodima koje pregledate, koje web stranice ili pretra\u017eiva\u010dke termine su vas uputili na sajt, i informacije o tome kako interagujete sa sajtom.\n<h2>3. Kontakt forma<\/h2>\nAko odlu\u010dite da nas kontaktirate preko kontakt forme na na\u0161em sajtu, bi\u0107ete zamoljeni da pru\u017eite li\u010dne podatke kao \u0161to su va\u0161e ime i e-mail adresa. Koristimo ove informacije samo za svrhe odgovaranja na va\u0161e upite i ne\u0107emo ih deliti sa tre\u0107im stranama bez va\u0161eg izri\u010ditog pristanka.\n<h2>4. Deljenje li\u010dnih podataka<\/h2>\nVa\u0161e li\u010dne podatke mo\u017eemo deliti sa tre\u0107im stranama kako bi nam pomogle u kori\u0161\u0107enju va\u0161ih li\u010dnih podataka, kao \u0161to je opisano gore. Na primer, koristimo Google Analytics da nam pomogne da razumemo kako na\u0161i klijenti koriste sajt.\n<h2>5. Sigurnost<\/h2>\nPreduzimamo sve razumne mere da za\u0161titimo va\u0161e li\u010dne podatke i sprije\u010dimo neovla\u0161\u0107en pristup istima.\n<h2>6. Va\u0161a prava<\/h2>\nImate pravo da pristupite li\u010dnim podacima koje imamo o vama i da tra\u017eite da va\u0161i li\u010dni podaci budu ispravljeni, a\u017eurirani ili izbrisani. Ako \u017eelite da ostvarite ovo pravo, molimo vas da nas kontaktirate putem podataka navedenih u nastavku.\n<h2>7. Kontakt informacije<\/h2>\nZa vi\u0161e informacija o na\u0161oj politici privatnosti, ako imate pitanja, ili ako \u017eelite da napravite \u017ealbu, molimo vas da nas kontaktirate putem e-maila ili telefona:\n\nHeating Partner\nStudentska 2, 11070 Beograd, Srbija\nTel.: +381 63 52 66 50\nTel.: +381 63 77 49 835\nPIB: 112873747\nMat. Br.: 66411354\t\t\t\t\t\t\t\t<\/div>\n\t\t\t\t<\/div>\n\t\t\t\t\t<\/div>\n\t\t\t\t<\/div>\n\t\t\t\t<\/div>","protected":false},"excerpt":{"rendered":"<p>Politika privatnosti 1. Uvod Va\u0161a privatnost i za\u0161tita va\u0161ih li\u010dnih podataka su nam veoma va\u017eni. Ova politika privatnosti obja\u0161njava koje informacije prikupljamo od vas, kako ih koristimo i kako ih \u0161titimo. Kori\u0161\u0107enjem na\u0161eg sajta prihvatate pravila opisana u ovoj politici. 2. Prikupljanje i kori\u0161\u0107enje li\u010dnih podataka Kada posetite na\u0161 sajt, mo\u017eemo automatski prikupiti odre\u0111ene informacije [&hellip;]<\/p>\n","protected":false},"author":1,"featured_media":1329,"parent":0,"menu_order":0,"comment_status":"closed","ping_status":"closed","template":"elementor_header_footer","meta":{"_acf_changed":false,"footnotes":""},"class_list":["post-1365","page","type-page","status-publish","has-post-thumbnail","hentry"],"acf":[],"_links":{"self":[{"href":"https:\/\/heatingpartner.rs\/en\/wp-json\/wp\/v2\/pages\/1365","targetHints":{"allow":["GET"]}}],"collection":[{"href":"https:\/\/heatingpartner.rs\/en\/wp-json\/wp\/v2\/pages"}],"about":[{"href":"https:\/\/heatingpartner.rs\/en\/wp-json\/wp\/v2\/types\/page"}],"author":[{"embeddable":true,"href":"https:\/\/heatingpartner.rs\/en\/wp-json\/wp\/v2\/users\/1"}],"replies":[{"embeddable":true,"href":"https:\/\/heatingpartner.rs\/en\/wp-json\/wp\/v2\/comments?post=1365"}],"version-history":[{"count":17,"href":"https:\/\/heatingpartner.rs\/en\/wp-json\/wp\/v2\/pages\/1365\/revisions"}],"predecessor-version":[{"id":1566,"href":"https:\/\/heatingpartner.rs\/en\/wp-json\/wp\/v2\/pages\/1365\/revisions\/1566"}],"wp:featuredmedia":[{"embeddable":true,"href":"https:\/\/heatingpartner.rs\/en\/wp-json\/wp\/v2\/media\/1329"}],"wp:attachment":[{"href":"https:\/\/heatingpartner.rs\/en\/wp-json\/wp\/v2\/media?parent=1365"}],"curies":[{"name":"wp","href":"https:\/\/api.w.org\/{rel}","templated":true}]}}